{"id":662,"date":"2015-02-10T19:21:19","date_gmt":"2015-02-10T21:21:19","guid":{"rendered":"https:\/\/avada.theme-fusion.com_demos\/architecture\/?page_id=9"},"modified":"2020-09-09T19:16:44","modified_gmt":"2020-09-09T22:16:44","slug":"quem-somos","status":"publish","type":"page","link":"https:\/\/ideally.com.br\/index.php\/quem-somos\/","title":{"rendered":"Quem Somos"},"content":{"rendered":"<p><div class=\"fusion-fullwidth fullwidth-box fusion-builder-row-1 nonhundred-percent-fullwidth non-hundred-percent-height-scrolling\" style=\"background-color: rgba(255,255,255,0);background-position: left top;background-repeat: no-repeat;padding-top:0px;padding-right:0px;padding-bottom:0px;padding-left:0px;margin-bottom: 0px;margin-top: 0px;border-width: 0px 0px 0px 0px;border-color:#eae9e9;border-style:solid;\" ><div class=\"fusion-builder-row fusion-row\"><div class=\"fusion-layout-column fusion_builder_column fusion-builder-column-0 fusion_builder_column_1_2 1_2 fusion-one-half fusion-column-first\" style=\"width:48%; margin-right: 4%;margin-top:0px;margin-bottom:20px;\"><div class=\"fusion-column-wrapper fusion-flex-column-wrapper-legacy\" style=\"background-position:left top;background-repeat:no-repeat;-webkit-background-size:cover;-moz-background-size:cover;-o-background-size:cover;background-size:cover;padding: 0px 0px 0px 0px;\"><div class=\"fusion-text fusion-text-1\"><h2><strong>Nossa<\/strong> <em>Hist\u00f3ria<\/em><\/h2>\n<\/div><div class=\"fusion-sep-clear\"><\/div><div class=\"fusion-separator fusion-clearfix\" style=\"float:left;margin-top:0px;margin-bottom:25px;width:100%;max-width:170px;\"><div class=\"fusion-separator-border sep-single sep-solid\" style=\"border-color:#c1c1c1;border-top-width:2px;\"><\/div><\/div><div class=\"fusion-sep-clear\"><\/div><div class=\"fusion-text fusion-text-2\"><p style=\"text-align: justify;\">H\u00e1 35 anos, a empres\u00e1ria Soraya Ribas come\u00e7ava, na sala de sua casa, a dar forma ao sonho de se tornar uma refer\u00eancia no mercado de ilumina\u00e7\u00e3o. Nesse tempo at\u00e9 aqui, acreditamos em uma hist\u00f3ria feita de valores, com os olhos voltados para o futuro, e oferta das melhores solu\u00e7\u00f5es. Para isso, trabalhamos com atendimento exclusivo e uma equipe que \u00e9 especialista em projetos luminot\u00e9cnicos. Trazemos novas tend\u00eancias, especialmente na parte de ilumina\u00e7\u00e3o em LED. Nossas parcerias nos permitem oferecer ao mercado solu\u00e7\u00f5es diferenciadas. Em 2018, a Ideally ganhou uma nova s\u00f3cia. A arquiteta Let\u00edcia Pangracio, lighting designer com ampla experi\u00eancia no setor, trouxe um novo olhar para a empresa. Hoje, a Ideally possui o melhor laborat\u00f3rio de ilumina\u00e7\u00e3o da cidade, totalmente interativo, o que facilita na escolha de produtos para projetos com:<\/p>\n<\/div><div class=\"fusion-clearfix\"><\/div><\/div><\/div><div class=\"fusion-layout-column fusion_builder_column fusion-builder-column-1 fusion_builder_column_1_2 1_2 fusion-one-half fusion-column-last\" style=\"width:48%;margin-top:0px;margin-bottom:20px;\"><div class=\"fusion-column-wrapper fusion-flex-column-wrapper-legacy\" style=\"background-position:left top;background-repeat:no-repeat;-webkit-background-size:cover;-moz-background-size:cover;-o-background-size:cover;background-size:cover;padding: 0px 0px 0px 0px;\"><div class=\"fusion-sep-clear\"><\/div><div class=\"fusion-separator fusion-full-width-sep\" style=\"margin-left: auto;margin-right: auto;margin-top:125px;width:100%;\"><\/div><div class=\"fusion-sep-clear\"><\/div><span class=\" fusion-imageframe imageframe-none imageframe-1 hover-type-zoomin fusion-animated\" data-animationType=\"fadeInDown\" data-animationDuration=\"1.0\" data-animationOffset=\"top-into-view\"><a href=\"http:\/\/ideally.com.br\/wp-content\/uploads\/2020\/06\/Proprietarias-Ideally-1024x682.jpeg\" class=\"fusion-lightbox\" data-rel=\"iLightbox[cae055aeac3ba5a8ccf]\" data-title=\"Proprietarias-Ideally\" title=\"Proprietarias-Ideally\"><img decoding=\"async\" width=\"1024\" height=\"682\" src=\"http:\/\/ideally.com.br\/wp-content\/uploads\/2020\/06\/Proprietarias-Ideally-1024x682.jpeg\" class=\"img-responsive wp-image-911\" srcset=\"https:\/\/ideally.com.br\/wp-content\/uploads\/2020\/06\/Proprietarias-Ideally-200x133.jpeg 200w, https:\/\/ideally.com.br\/wp-content\/uploads\/2020\/06\/Proprietarias-Ideally-400x267.jpeg 400w, https:\/\/ideally.com.br\/wp-content\/uploads\/2020\/06\/Proprietarias-Ideally-600x400.jpeg 600w, https:\/\/ideally.com.br\/wp-content\/uploads\/2020\/06\/Proprietarias-Ideally-800x533.jpeg 800w, https:\/\/ideally.com.br\/wp-content\/uploads\/2020\/06\/Proprietarias-Ideally-1200x800.jpeg 1200w, https:\/\/ideally.com.br\/wp-content\/uploads\/2020\/06\/Proprietarias-Ideally.jpeg 1280w\" sizes=\"(max-width: 800px) 100vw, 600px\" \/><\/a><\/span><div class=\"fusion-sep-clear\"><\/div><div class=\"fusion-separator fusion-full-width-sep\" style=\"margin-left: auto;margin-right: auto;margin-top:100px;width:100%;\"><\/div><div class=\"fusion-sep-clear\"><\/div><div class=\"fusion-clearfix\"><\/div><\/div><\/div><div class=\"fusion-layout-column fusion_builder_column fusion-builder-column-2 fusion_builder_column_1_1 1_1 fusion-one-full fusion-column-first fusion-column-last\" style=\"margin-top:0px;margin-bottom:20px;\"><div class=\"fusion-column-wrapper fusion-flex-column-wrapper-legacy\" style=\"background-position:left top;background-repeat:no-repeat;-webkit-background-size:cover;-moz-background-size:cover;-o-background-size:cover;background-size:cover;padding: 0px 0px 0px 0px;\"><div class=\"fusion-column-content-centered\"><div class=\"fusion-column-content\"><div class=\"fusion-content-boxes content-boxes columns row fusion-columns-5 fusion-columns-total-5 fusion-content-boxes-1 content-boxes-icon-on-top content-right\" data-animationOffset=\"top-into-view\" style=\"margin-top:0px;margin-bottom:60px;\"><style type=\"text\/css\">.fusion-content-boxes-1 .heading .content-box-heading {color:#333333;}\n\t\t\t\t\t.fusion-content-boxes-1 .fusion-content-box-hover .link-area-link-icon-hover .heading .content-box-heading,\n\t\t\t\t\t.fusion-content-boxes-1 .fusion-content-box-hover .link-area-link-icon-hover .heading .heading-link .content-box-heading,\n\t\t\t\t\t.fusion-content-boxes-1 .fusion-content-box-hover .link-area-box-hover .heading .content-box-heading,\n\t\t\t\t\t.fusion-content-boxes-1 .fusion-content-box-hover .link-area-box-hover .heading .heading-link .content-box-heading,\n\t\t\t\t\t.fusion-content-boxes-1 .fusion-content-box-hover .link-area-link-icon-hover.link-area-box .fusion-read-more,\n\t\t\t\t\t.fusion-content-boxes-1 .fusion-content-box-hover .link-area-link-icon-hover.link-area-box .fusion-read-more::after,\n\t\t\t\t\t.fusion-content-boxes-1 .fusion-content-box-hover .link-area-link-icon-hover.link-area-box .fusion-read-more::before,\n\t\t\t\t\t.fusion-content-boxes-1 .fusion-content-box-hover .fusion-read-more:hover:after,\n\t\t\t\t\t.fusion-content-boxes-1 .fusion-content-box-hover .fusion-read-more:hover:before,\n\t\t\t\t\t.fusion-content-boxes-1 .fusion-content-box-hover .fusion-read-more:hover,\n\t\t\t\t\t.fusion-content-boxes-1 .fusion-content-box-hover .link-area-box-hover.link-area-box .fusion-read-more,\n\t\t\t\t\t.fusion-content-boxes-1 .fusion-content-box-hover .link-area-box-hover.link-area-box .fusion-read-more::after,\n\t\t\t\t\t.fusion-content-boxes-1 .fusion-content-box-hover .link-area-box-hover.link-area-box .fusion-read-more::before,\n\t\t\t\t\t.fusion-content-boxes-1 .fusion-content-box-hover .link-area-link-icon-hover .icon .circle-no,\n\t\t\t\t\t.fusion-content-boxes-1 .heading .heading-link:hover .content-box-heading {\n\t\t\t\t\t\tcolor: #c1c1c1;\n\t\t\t\t\t}\n\t\t\t\t\t.fusion-content-boxes-1 .fusion-content-box-hover .link-area-box-hover .icon .circle-no {\n\t\t\t\t\t\tcolor: #c1c1c1 !important;\n\t\t\t\t\t}.fusion-content-boxes-1 .fusion-content-box-hover .link-area-box.link-area-box-hover .fusion-content-box-button {background: rgba(90,168,108,0);color: #000000;}.fusion-content-boxes-1 .fusion-content-box-hover .link-area-box.link-area-box-hover .fusion-content-box-button .fusion-button-text {color: #000000;}\n\t\t\t\t\t.fusion-content-boxes-1 .fusion-content-box-hover .link-area-link-icon-hover .heading .icon > span {\n\t\t\t\t\t\tbackground-color: transparent !important;\n\t\t\t\t\t}\n\t\t\t\t\t.fusion-content-boxes-1 .fusion-content-box-hover .link-area-box-hover .heading .icon > span {\n\t\t\t\t\t\tborder-color: #c1c1c1 !important;\n\t\t\t\t\t}<\/style><div class=\"fusion-column content-box-column content-box-column-1 col-lg-2 col-md-2 col-sm-2 fusion-content-box-hover content-box-column-first-in-row\"><div class=\"col content-box-wrapper content-wrapper link-area-link-icon icon-hover-animation-fade fusion-animated\" style=\"background-color:rgba(255,255,255,0);\" data-animationType=\"fadeInLeft\" data-animationDuration=\"0.3\" data-animationOffset=\"top-into-view\"><div class=\"heading heading-with-icon icon-right\"><div class=\"icon\"><i style=\"border-color:#333333;border-width:0px;background-color:rgba(255,255,255,0);box-sizing:content-box;height:80px;width:80px;line-height:80px;border-radius:50%;color:#000000;font-size:40px;\" aria-hidden=\"true\" class=\"fontawesome-icon fa-clipboard-check fas circle-yes\"><\/i><\/div><h2 class=\"content-box-heading\" style=\"font-size:18px;line-height:23px;\">QUALIDADE<\/h2><\/div><\/div><\/div><div class=\"fusion-column content-box-column content-box-column-2 col-lg-2 col-md-2 col-sm-2 fusion-content-box-hover \"><div class=\"col content-box-wrapper content-wrapper link-area-link-icon icon-hover-animation-fade fusion-animated\" style=\"background-color:rgba(255,255,255,0);\" data-animationType=\"fadeInLeft\" data-animationDuration=\"0.3\" data-animationOffset=\"top-into-view\"><div class=\"heading heading-with-icon icon-right\"><div class=\"icon\"><i style=\"border-color:#333333;border-width:0px;background-color:rgba(255,255,255,0);box-sizing:content-box;height:80px;width:80px;line-height:80px;border-radius:50%;color:#000000;font-size:40px;\" aria-hidden=\"true\" class=\"fontawesome-icon fa-lightbulb fas circle-yes\"><\/i><\/div><h2 class=\"content-box-heading\" style=\"font-size:18px;line-height:23px;\">CONFORTO \u00d3PTICO<\/h2><\/div><\/div><\/div><div class=\"fusion-column content-box-column content-box-column-3 col-lg-2 col-md-2 col-sm-2 fusion-content-box-hover \"><div class=\"col content-box-wrapper content-wrapper link-area-link-icon icon-hover-animation-fade fusion-animated\" style=\"background-color:rgba(255,255,255,0);\" data-animationType=\"fadeInLeft\" data-animationDuration=\"0.3\" data-animationOffset=\"top-into-view\"><div class=\"heading heading-with-icon icon-right\"><div class=\"icon\"><i style=\"border-color:#333333;border-width:0px;background-color:rgba(255,255,255,0);box-sizing:content-box;height:80px;width:80px;line-height:80px;border-radius:50%;color:#000000;font-size:40px;\" aria-hidden=\"true\" class=\"fontawesome-icon fa-palette fas circle-yes\"><\/i><\/div><h2 class=\"content-box-heading\" style=\"font-size:18px;line-height:23px;\">REPRODU\u00c7\u00c3O DE CORES<\/h2><\/div><\/div><\/div><div class=\"fusion-column content-box-column content-box-column-4 col-lg-2 col-md-2 col-sm-2 fusion-content-box-hover \"><div class=\"col content-box-wrapper content-wrapper link-area-link-icon icon-hover-animation-fade fusion-animated\" style=\"background-color:rgba(255,255,255,0);\" data-animationType=\"fadeInLeft\" data-animationDuration=\"0.3\" data-animationOffset=\"top-into-view\"><div class=\"heading heading-with-icon icon-right\"><div class=\"icon\"><i style=\"border-color:#333333;border-width:0px;background-color:rgba(255,255,255,0);box-sizing:content-box;height:80px;width:80px;line-height:80px;border-radius:50%;color:#000000;font-size:40px;\" aria-hidden=\"true\" class=\"fontawesome-icon fa-user-shield fas circle-yes\"><\/i><\/div><h2 class=\"content-box-heading\" style=\"font-size:18px;line-height:23px;\">SEGURAN\u00c7A<\/h2><\/div><\/div><\/div><div class=\"fusion-column content-box-column content-box-column-5 col-lg-2 col-md-2 col-sm-2 fusion-content-box-hover content-box-column-last content-box-column-last-in-row\"><div class=\"col content-box-wrapper content-wrapper link-area-link-icon icon-hover-animation-fade fusion-animated\" style=\"background-color:rgba(255,255,255,0);\" data-animationType=\"fadeInLeft\" data-animationDuration=\"0.3\" data-animationOffset=\"top-into-view\"><div class=\"heading heading-with-icon icon-right\"><div class=\"icon\"><i style=\"border-color:#333333;border-width:0px;background-color:rgba(255,255,255,0);box-sizing:content-box;height:80px;width:80px;line-height:80px;border-radius:50%;color:#000000;font-size:40px;\" aria-hidden=\"true\" class=\"fontawesome-icon fa-clock far circle-yes\"><\/i><\/div><h2 class=\"content-box-heading\" style=\"font-size:18px;line-height:23px;\">MAIOR VIDA \u00daTIL<\/h2><\/div><\/div><\/div><style type=\"text\/css\">\n\t\t\t\t\t\t.fusion-content-boxes-1 .fusion-content-box-hover .heading-link:hover .icon i.circle-yes,\n\t\t\t\t\t\t.fusion-content-boxes-1 .fusion-content-box-hover .link-area-box:hover .heading-link .icon i.circle-yes,\n\t\t\t\t\t\t.fusion-content-boxes-1 .fusion-content-box-hover .link-area-link-icon-hover .heading .icon i.circle-yes,\n\t\t\t\t\t\t.fusion-content-boxes-1 .fusion-content-box-hover .link-area-box-hover .heading .icon i.circle-yes {\n\t\t\t\t\t\t\tbackground-color: transparent !important;\n\t\t\t\t\t\t\tborder-color: #c1c1c1 !important;\n\t\t\t\t\t\t}<\/style><div class=\"fusion-clearfix\"><\/div><\/div><\/div><\/div><div class=\"fusion-clearfix\"><\/div><\/div><\/div><\/div><\/div><div class=\"fusion-bg-parallax\" data-bg-align=\"left top\" data-direction=\"up\" data-mute=\"false\" data-opacity=\"100\" data-velocity=\"-0.3\" data-mobile-enabled=\"false\" data-break_parents=\"0\" data-bg-image=\"http:\/\/ideally.com.br\/wp-content\/uploads\/2015\/05\/cube.jpg\" data-bg-repeat=\"false\" ><\/div><div class=\"fusion-fullwidth fullwidth-box fusion-builder-row-2 fusion-parallax-up nonhundred-percent-fullwidth non-hundred-percent-height-scrolling\" style=\"background-color: rgba(255,255,255,0);background-image: url(&quot;http:\/\/ideally.com.br\/wp-content\/uploads\/2015\/05\/cube.jpg&quot;);background-position: left top;background-repeat: no-repeat;padding-top:150px;padding-right:0px;padding-bottom:150px;padding-left:0px;margin-bottom: 0px;margin-top: 0px;border-width: 0px 0px 0px 0px;border-color:#eae9e9;border-style:solid;-webkit-background-size:cover;-moz-background-size:cover;-o-background-size:cover;background-size:cover;\" ><div class=\"fusion-builder-row fusion-row\"><div class=\"fusion-layout-column fusion_builder_column fusion-builder-column-3 fusion_builder_column_1_2 1_2 fusion-one-half fusion-column-first\" style=\"width:48%; margin-right: 4%;margin-top:0px;margin-bottom:20px;\"><div class=\"fusion-column-wrapper fusion-flex-column-wrapper-legacy\" style=\"background-position:left top;background-repeat:no-repeat;-webkit-background-size:cover;-moz-background-size:cover;-o-background-size:cover;background-size:cover;padding: 0px 0px 0px 0px;\"><div class=\"fusion-text fusion-text-3\"><h2><span style=\"color: #ffffff;\"><em>Nosso<\/em> <strong>Compromisso<\/strong><\/span><\/h2>\n<h3><span style=\"color: #ffffff;\"><em><br \/>\nNossa gest\u00e3o \u00e9 focada em exclusividade. E a equipe est\u00e1 pronta para garantir a satisfa\u00e7\u00e3o, conforto e bem estar dos nossos clientes<\/em><\/span><\/h3>\n<\/div><div class=\"fusion-sep-clear\"><\/div><div class=\"fusion-separator fusion-full-width-sep\" style=\"margin-left: auto;margin-right: auto;margin-top:60px;width:100%;\"><\/div><div class=\"fusion-sep-clear\"><\/div><div class=\"fusion-clearfix\"><\/div><\/div><\/div><div class=\"fusion-layout-column fusion_builder_column fusion-builder-column-4 fusion_builder_column_1_2 1_2 fusion-one-half fusion-column-last\" style=\"width:48%;margin-top:0px;margin-bottom:20px;\"><div class=\"fusion-column-wrapper fusion-flex-column-wrapper-legacy\" style=\"background-position:left top;background-repeat:no-repeat;-webkit-background-size:cover;-moz-background-size:cover;-o-background-size:cover;background-size:cover;padding: 0px 0px 0px 0px;\"><span class=\" fusion-imageframe imageframe-none imageframe-2 hover-type-zoomin fusion-animated\" data-animationType=\"fadeInDown\" data-animationDuration=\"1.0\" data-animationOffset=\"top-into-view\"><a href=\"http:\/\/ideally.com.br\/wp-content\/uploads\/2020\/06\/WhatsApp-Image-2020-06-26-at-15.49.00-1-1024x604.jpeg\" class=\"fusion-lightbox\" data-rel=\"iLightbox[ac0bdf14da9a33532cb]\" data-title=\"WhatsApp Image 2020-06-26 at 15.49.00\" title=\"WhatsApp Image 2020-06-26 at 15.49.00\"><img decoding=\"async\" width=\"1024\" height=\"604\" src=\"http:\/\/ideally.com.br\/wp-content\/uploads\/2020\/06\/WhatsApp-Image-2020-06-26-at-15.49.00-1-1024x604.jpeg\" class=\"img-responsive wp-image-1048\" srcset=\"https:\/\/ideally.com.br\/wp-content\/uploads\/2020\/06\/WhatsApp-Image-2020-06-26-at-15.49.00-1-200x118.jpeg 200w, https:\/\/ideally.com.br\/wp-content\/uploads\/2020\/06\/WhatsApp-Image-2020-06-26-at-15.49.00-1-400x236.jpeg 400w, https:\/\/ideally.com.br\/wp-content\/uploads\/2020\/06\/WhatsApp-Image-2020-06-26-at-15.49.00-1-600x354.jpeg 600w, https:\/\/ideally.com.br\/wp-content\/uploads\/2020\/06\/WhatsApp-Image-2020-06-26-at-15.49.00-1-800x472.jpeg 800w, https:\/\/ideally.com.br\/wp-content\/uploads\/2020\/06\/WhatsApp-Image-2020-06-26-at-15.49.00-1-1200x708.jpeg 1200w, https:\/\/ideally.com.br\/wp-content\/uploads\/2020\/06\/WhatsApp-Image-2020-06-26-at-15.49.00-1.jpeg 1280w\" sizes=\"(max-width: 800px) 100vw, 600px\" \/><\/a><\/span><div class=\"fusion-clearfix\"><\/div><\/div><\/div><\/div><\/div><\/p>\n","protected":false},"excerpt":{"rendered":"","protected":false},"author":1,"featured_media":0,"parent":0,"menu_order":0,"comment_status":"closed","ping_status":"closed","template":"100-width.php","meta":[],"_links":{"self":[{"href":"https:\/\/ideally.com.br\/index.php\/wp-json\/wp\/v2\/pages\/662"}],"collection":[{"href":"https:\/\/ideally.com.br\/index.php\/wp-json\/wp\/v2\/pages"}],"about":[{"href":"https:\/\/ideally.com.br\/index.php\/wp-json\/wp\/v2\/types\/page"}],"author":[{"embeddable":true,"href":"https:\/\/ideally.com.br\/index.php\/wp-json\/wp\/v2\/users\/1"}],"replies":[{"embeddable":true,"href":"https:\/\/ideally.com.br\/index.php\/wp-json\/wp\/v2\/comments?post=662"}],"version-history":[{"count":34,"href":"https:\/\/ideally.com.br\/index.php\/wp-json\/wp\/v2\/pages\/662\/revisions"}],"predecessor-version":[{"id":1060,"href":"https:\/\/ideally.com.br\/index.php\/wp-json\/wp\/v2\/pages\/662\/revisions\/1060"}],"wp:attachment":[{"href":"https:\/\/ideally.com.br\/index.php\/wp-json\/wp\/v2\/media?parent=662"}],"curies":[{"name":"wp","href":"https:\/\/api.w.org\/{rel}","templated":true}]}}