{"id":661,"date":"2015-02-10T19:21:05","date_gmt":"2015-02-10T19:21:05","guid":{"rendered":"https:\/\/avada.theme-fusion.com_demos\/architecture\/?page_id=7"},"modified":"2020-09-09T19:13:06","modified_gmt":"2020-09-09T22:13:06","slug":"home","status":"publish","type":"page","link":"https:\/\/ideally.com.br\/","title":{"rendered":"Home"},"content":{"rendered":"<div class=\"fusion-fullwidth fullwidth-box fusion-builder-row-1 nonhundred-percent-fullwidth non-hundred-percent-height-scrolling\" style=\"background-color: #c1c1c1;background-position: left top;background-repeat: no-repeat;padding-top:35px;padding-right:0px;padding-bottom:35px;padding-left:0px;margin-bottom: 0px;margin-top: 0px;border-width: 0px 0px 0px 0px;border-color:#eae9e9;border-style:solid;\" ><div class=\"fusion-builder-row fusion-row\"><div class=\"fusion-layout-column fusion_builder_column fusion-builder-column-0 fusion_builder_column_1_1 1_1 fusion-one-full fusion-column-first fusion-column-last\" style=\"margin-top:0px;margin-bottom:40px;\"><div class=\"fusion-column-wrapper fusion-flex-column-wrapper-legacy\" style=\"background-position:left top;background-repeat:no-repeat;-webkit-background-size:cover;-moz-background-size:cover;-o-background-size:cover;background-size:cover;padding: 0px 0px 0px 0px;\"><div class=\"fusion-text fusion-text-1\"><h2><strong>IDEALLY<\/strong> <em>LIGHTING CONCEPT<\/em><\/h2>\n<\/div><div class=\"fusion-sep-clear\"><\/div><div class=\"fusion-separator fusion-clearfix\" style=\"float:left;margin-top:0px;margin-bottom:35px;width:100%;max-width:170px;\"><div class=\"fusion-separator-border sep-single sep-solid\" style=\"border-color:#ffffff;border-top-width:2px;\"><\/div><\/div><div class=\"fusion-sep-clear\"><\/div><div class=\"fusion-text fusion-text-2\"><h4><em>Uma trajet\u00f3ria de sucesso, iniciada em 1989<\/em><\/h4>\n<\/div><div class=\"fusion-text fusion-text-3\"><p>A IDEALLY \u00e9 uma das pioneiras em vendas de produtos luminot\u00e9cnicos de alto padr\u00e3o em Curitiba. Hoje, \u00e9 revendedora exclusiva da Everlight \u2013 maior refer\u00eancia em LED do pa\u00eds \u2013 e parceira das melhores marcas do mundo. Al\u00e9m de uma equipe preparada para atender a qualquer projeto luminot\u00e9cnico, a loja possui um laborat\u00f3rio de alta tecnologia para estudos e testes de ilumina\u00e7\u00e3o.<\/p>\n<\/div><div class=\"fusion-aligncenter\"><style type=\"text\/css\">.fusion-button.button-1 {border-radius:4px;}<\/style><a class=\"fusion-button button-flat button-medium button-default button-1 fusion-button-default-span \" target=\"_self\" href=\"http:\/\/ideally.com.br\/index.php\/quem-somos\/\"><span class=\"fusion-button-text\">CONHE\u00c7A<\/span><\/a><\/div><div class=\"fusion-clearfix\"><\/div><\/div><\/div><\/div><\/div>\n","protected":false},"excerpt":{"rendered":"","protected":false},"author":1,"featured_media":0,"parent":0,"menu_order":0,"comment_status":"closed","ping_status":"open","template":"100-width.php","meta":[],"_links":{"self":[{"href":"https:\/\/ideally.com.br\/index.php\/wp-json\/wp\/v2\/pages\/661"}],"collection":[{"href":"https:\/\/ideally.com.br\/index.php\/wp-json\/wp\/v2\/pages"}],"about":[{"href":"https:\/\/ideally.com.br\/index.php\/wp-json\/wp\/v2\/types\/page"}],"author":[{"embeddable":true,"href":"https:\/\/ideally.com.br\/index.php\/wp-json\/wp\/v2\/users\/1"}],"replies":[{"embeddable":true,"href":"https:\/\/ideally.com.br\/index.php\/wp-json\/wp\/v2\/comments?post=661"}],"version-history":[{"count":31,"href":"https:\/\/ideally.com.br\/index.php\/wp-json\/wp\/v2\/pages\/661\/revisions"}],"predecessor-version":[{"id":726,"href":"https:\/\/ideally.com.br\/index.php\/wp-json\/wp\/v2\/pages\/661\/revisions\/726"}],"wp:attachment":[{"href":"https:\/\/ideally.com.br\/index.php\/wp-json\/wp\/v2\/media?parent=661"}],"curies":[{"name":"wp","href":"https:\/\/api.w.org\/{rel}","templated":true}]}}